{"id":25,"date":"2022-04-06T03:51:19","date_gmt":"2022-04-06T03:51:19","guid":{"rendered":"https:\/\/grossheins.de\/?page_id=25"},"modified":"2026-03-26T10:02:15","modified_gmt":"2026-03-26T10:02:15","slug":"termine","status":"publish","type":"page","link":"https:\/\/grossheins.de\/?page_id=25","title":{"rendered":"Termine"},"content":{"rendered":"\n<figure class=\"wp-block-image size-full\"><img loading=\"lazy\" decoding=\"async\" width=\"1024\" height=\"768\" src=\"https:\/\/grossheins.de\/wp-content\/uploads\/2026\/03\/feuer-edited.png\" alt=\"\" class=\"wp-image-861\" srcset=\"https:\/\/grossheins.de\/wp-content\/uploads\/2026\/03\/feuer-edited.png 1024w, https:\/\/grossheins.de\/wp-content\/uploads\/2026\/03\/feuer-edited-300x225.png 300w, https:\/\/grossheins.de\/wp-content\/uploads\/2026\/03\/feuer-edited-768x576.png 768w\" sizes=\"auto, (max-width: 1024px) 100vw, 1024px\" \/><\/figure>\n\n\n\n<div class=\"wp-block-stackable-heading stk-block-heading stk-block-heading--v2 stk-block stk-ce24a84\" id=\"osterfeuer-gross-heins\" data-block-id=\"ce24a84\"><h2 class=\"stk-block-heading__text\">Osterfeuer Gro\u00df Heins<\/h2><\/div>\n\n\n\n<p class=\"has-large-font-size\">04.04.2026, Z\u00fcndung gegen 19:30<\/p>\n\n\n\n<div style=\"height:100px\" aria-hidden=\"true\" class=\"wp-block-spacer\"><\/div>\n\n\n\n<div class=\"wp-block-stackable-heading stk-block-heading stk-block-heading--v2 stk-block stk-9f22fd9\" id=\"gemeindefeuerwehrtag\" data-block-id=\"9f22fd9\"><h2 class=\"stk-block-heading__text\">Gemeindefeuerwehrtag <\/h2><\/div>\n\n\n\n<p class=\"has-extra-large-font-size\">13.06.2026<\/p>\n\n\n\n<div style=\"height:100px\" aria-hidden=\"true\" class=\"wp-block-spacer\"><\/div>\n\n\n\n<div class=\"wp-block-stackable-heading stk-block-heading stk-block-heading--v2 stk-block stk-d012e5e\" id=\"mullabfuhr-termine-fur-gross-heins-2026\" data-block-id=\"d012e5e\"><h2 class=\"stk-block-heading__text stk-block-heading--use-theme-margins\">M\u00fcllabfuhr Termine f\u00fcr Gro\u00df Heins 2026<\/h2><\/div>\n\n\n\n<figure class=\"wp-block-image size-large\"><img loading=\"lazy\" decoding=\"async\" width=\"713\" height=\"1024\" src=\"https:\/\/grossheins.de\/wp-content\/uploads\/2026\/03\/Abfuhrtermine-2027-1-713x1024.jpg\" alt=\"\" class=\"wp-image-856\" srcset=\"https:\/\/grossheins.de\/wp-content\/uploads\/2026\/03\/Abfuhrtermine-2027-1-713x1024.jpg 713w, https:\/\/grossheins.de\/wp-content\/uploads\/2026\/03\/Abfuhrtermine-2027-1-209x300.jpg 209w, https:\/\/grossheins.de\/wp-content\/uploads\/2026\/03\/Abfuhrtermine-2027-1-768x1103.jpg 768w, https:\/\/grossheins.de\/wp-content\/uploads\/2026\/03\/Abfuhrtermine-2027-1-1069x1536.jpg 1069w, https:\/\/grossheins.de\/wp-content\/uploads\/2026\/03\/Abfuhrtermine-2027-1-1426x2048.jpg 1426w, https:\/\/grossheins.de\/wp-content\/uploads\/2026\/03\/Abfuhrtermine-2027-1-1568x2253.jpg 1568w, https:\/\/grossheins.de\/wp-content\/uploads\/2026\/03\/Abfuhrtermine-2027-1-1320x1896.jpg 1320w, https:\/\/grossheins.de\/wp-content\/uploads\/2026\/03\/Abfuhrtermine-2027-1-scaled.jpg 1782w\" sizes=\"auto, (max-width: 713px) 100vw, 713px\" \/><\/figure>\n\n\n\n<figure class=\"wp-block-image size-large\"><img loading=\"lazy\" decoding=\"async\" width=\"711\" height=\"1024\" src=\"https:\/\/grossheins.de\/wp-content\/uploads\/2026\/03\/mpllabfuhr2-711x1024.jpg\" alt=\"\" class=\"wp-image-857\" srcset=\"https:\/\/grossheins.de\/wp-content\/uploads\/2026\/03\/mpllabfuhr2-711x1024.jpg 711w, https:\/\/grossheins.de\/wp-content\/uploads\/2026\/03\/mpllabfuhr2-208x300.jpg 208w, https:\/\/grossheins.de\/wp-content\/uploads\/2026\/03\/mpllabfuhr2-768x1107.jpg 768w, https:\/\/grossheins.de\/wp-content\/uploads\/2026\/03\/mpllabfuhr2-1066x1536.jpg 1066w, https:\/\/grossheins.de\/wp-content\/uploads\/2026\/03\/mpllabfuhr2-1421x2048.jpg 1421w, https:\/\/grossheins.de\/wp-content\/uploads\/2026\/03\/mpllabfuhr2-1568x2259.jpg 1568w, https:\/\/grossheins.de\/wp-content\/uploads\/2026\/03\/mpllabfuhr2-1320x1902.jpg 1320w, https:\/\/grossheins.de\/wp-content\/uploads\/2026\/03\/mpllabfuhr2-scaled.jpg 1777w\" sizes=\"auto, (max-width: 711px) 100vw, 711px\" \/><\/figure>\n\n\n\n<div class=\"wp-block-stackable-heading stk-block-heading stk-block-heading--v2 stk-block stk-491943d\" id=\"altpapiersammlung-durch-die-feuerwehr-heins\" data-block-id=\"491943d\"><h2 class=\"stk-block-heading__text\">Altpapiersammlung durch die Feuerwehr Heins<\/h2><\/div>\n\n\n\n<p><strong>Termine 2026<\/strong><\/p>\n\n\n\n<p>Haushalte der Ortschaften Gro\u00df Heins, Klein Heins, Goldborn, Siedlerweg Bendingbostel<\/p>\n\n\n\n<p><strong>Das Sammelgut jeweils bis 9:00 am Stra\u00dfenrand bereitstellen. Abholung zwischen 9:00 und 16:00Uhr.<\/strong><\/p>\n\n\n\n<p>Samstag, 14.03.2026<\/p>\n\n\n\n<p>Samstag, 09.05.2026<\/p>\n\n\n\n<p>Samstag, 11.07.2026<\/p>\n\n\n\n<p>Samstag, 12.09.2026<\/p>\n\n\n\n<p>Samstag, 14.11.2026<\/p>\n\n\n\n<p><\/p>\n\n\n","protected":false},"excerpt":{"rendered":"<p>Osterfeuer Gro\u00df Heins 04.04.2026, Z\u00fcndung gegen 19:30 Gemeindefeuerwehrtag 13.06.2026 M\u00fcllabfuhr Termine f\u00fcr Gro\u00df Heins 2026 Altpapiersammlung durch die Feuerwehr Heins Termine 2026 Haushalte der Ortschaften Gro\u00df Heins, Klein Heins, Goldborn, Siedlerweg Bendingbostel Das Sammelgut jeweils bis 9:00 am Stra\u00dfenrand bereitstellen. Abholung zwischen 9:00 und 16:00Uhr. Samstag, 14.03.2026 Samstag, 09.05.2026 Samstag, 11.07.2026 Samstag, 12.09.2026 Samstag, 14.11.2026<\/p>\n","protected":false},"author":1,"featured_media":0,"parent":0,"menu_order":0,"comment_status":"closed","ping_status":"closed","template":"","meta":{"footnotes":""},"class_list":["post-25","page","type-page","status-publish","hentry","entry"],"yoast_head":"<!-- This site is optimized with the Yoast SEO plugin v27.2 - https:\/\/yoast.com\/product\/yoast-seo-wordpress\/ -->\n<title>Termine - Gro\u00df Heins<\/title>\n<meta name=\"robots\" content=\"index, follow, max-snippet:-1, max-image-preview:large, max-video-preview:-1\" \/>\n<link rel=\"canonical\" href=\"https:\/\/grossheins.de\/?page_id=25\" \/>\n<meta property=\"og:locale\" content=\"de_DE\" \/>\n<meta property=\"og:type\" content=\"article\" \/>\n<meta property=\"og:title\" content=\"Termine - Gro\u00df Heins\" \/>\n<meta property=\"og:description\" content=\"Osterfeuer Gro\u00df Heins 04.04.2026, Z\u00fcndung gegen 19:30 Gemeindefeuerwehrtag 13.06.2026 M\u00fcllabfuhr Termine f\u00fcr Gro\u00df Heins 2026 Altpapiersammlung durch die Feuerwehr Heins Termine 2026 Haushalte der Ortschaften Gro\u00df Heins, Klein Heins, Goldborn, Siedlerweg Bendingbostel Das Sammelgut jeweils bis 9:00 am Stra\u00dfenrand bereitstellen. Abholung zwischen 9:00 und 16:00Uhr. Samstag, 14.03.2026 Samstag, 09.05.2026 Samstag, 11.07.2026 Samstag, 12.09.2026 Samstag, 14.11.2026\" \/>\n<meta property=\"og:url\" content=\"https:\/\/grossheins.de\/?page_id=25\" \/>\n<meta property=\"og:site_name\" content=\"Gro\u00df Heins\" \/>\n<meta property=\"article:modified_time\" content=\"2026-03-26T10:02:15+00:00\" \/>\n<meta property=\"og:image\" content=\"https:\/\/grossheins.de\/wp-content\/uploads\/2026\/03\/feuer-edited.png\" \/>\n\t<meta property=\"og:image:width\" content=\"1024\" \/>\n\t<meta property=\"og:image:height\" content=\"768\" \/>\n\t<meta property=\"og:image:type\" content=\"image\/png\" \/>\n<meta name=\"twitter:card\" content=\"summary_large_image\" \/>\n<meta name=\"twitter:label1\" content=\"Gesch\u00e4tzte Lesezeit\" \/>\n\t<meta name=\"twitter:data1\" content=\"1\u00a0Minute\" \/>\n<script type=\"application\/ld+json\" class=\"yoast-schema-graph\">{\"@context\":\"https:\/\/schema.org\",\"@graph\":[{\"@type\":\"WebPage\",\"@id\":\"https:\/\/grossheins.de\/?page_id=25\",\"url\":\"https:\/\/grossheins.de\/?page_id=25\",\"name\":\"Termine - Gro\u00df Heins\",\"isPartOf\":{\"@id\":\"https:\/\/grossheins.de\/#website\"},\"primaryImageOfPage\":{\"@id\":\"https:\/\/grossheins.de\/?page_id=25#primaryimage\"},\"image\":{\"@id\":\"https:\/\/grossheins.de\/?page_id=25#primaryimage\"},\"thumbnailUrl\":\"https:\/\/grossheins.de\/wp-content\/uploads\/2026\/03\/feuer-edited.png\",\"datePublished\":\"2022-04-06T03:51:19+00:00\",\"dateModified\":\"2026-03-26T10:02:15+00:00\",\"breadcrumb\":{\"@id\":\"https:\/\/grossheins.de\/?page_id=25#breadcrumb\"},\"inLanguage\":\"de\",\"potentialAction\":[{\"@type\":\"ReadAction\",\"target\":[\"https:\/\/grossheins.de\/?page_id=25\"]}]},{\"@type\":\"ImageObject\",\"inLanguage\":\"de\",\"@id\":\"https:\/\/grossheins.de\/?page_id=25#primaryimage\",\"url\":\"https:\/\/grossheins.de\/wp-content\/uploads\/2026\/03\/feuer-edited.png\",\"contentUrl\":\"https:\/\/grossheins.de\/wp-content\/uploads\/2026\/03\/feuer-edited.png\",\"width\":1024,\"height\":768},{\"@type\":\"BreadcrumbList\",\"@id\":\"https:\/\/grossheins.de\/?page_id=25#breadcrumb\",\"itemListElement\":[{\"@type\":\"ListItem\",\"position\":1,\"name\":\"Startseite\",\"item\":\"https:\/\/grossheins.de\/\"},{\"@type\":\"ListItem\",\"position\":2,\"name\":\"Termine\"}]},{\"@type\":\"WebSite\",\"@id\":\"https:\/\/grossheins.de\/#website\",\"url\":\"https:\/\/grossheins.de\/\",\"name\":\"Gro\u00df Heins\",\"description\":\"\",\"publisher\":{\"@id\":\"https:\/\/grossheins.de\/#organization\"},\"potentialAction\":[{\"@type\":\"SearchAction\",\"target\":{\"@type\":\"EntryPoint\",\"urlTemplate\":\"https:\/\/grossheins.de\/?s={search_term_string}\"},\"query-input\":{\"@type\":\"PropertyValueSpecification\",\"valueRequired\":true,\"valueName\":\"search_term_string\"}}],\"inLanguage\":\"de\"},{\"@type\":\"Organization\",\"@id\":\"https:\/\/grossheins.de\/#organization\",\"name\":\"Gro\u00df Heins\",\"url\":\"https:\/\/grossheins.de\/\",\"logo\":{\"@type\":\"ImageObject\",\"inLanguage\":\"de\",\"@id\":\"https:\/\/grossheins.de\/#\/schema\/logo\/image\/\",\"url\":\"https:\/\/grossheins.de\/wp-content\/uploads\/2025\/02\/cropped-grossheins-logo-2.png\",\"contentUrl\":\"https:\/\/grossheins.de\/wp-content\/uploads\/2025\/02\/cropped-grossheins-logo-2.png\",\"width\":1350,\"height\":826,\"caption\":\"Gro\u00df Heins\"},\"image\":{\"@id\":\"https:\/\/grossheins.de\/#\/schema\/logo\/image\/\"}}]}<\/script>\n<!-- \/ Yoast SEO plugin. -->","yoast_head_json":{"title":"Termine - Gro\u00df Heins","robots":{"index":"index","follow":"follow","max-snippet":"max-snippet:-1","max-image-preview":"max-image-preview:large","max-video-preview":"max-video-preview:-1"},"canonical":"https:\/\/grossheins.de\/?page_id=25","og_locale":"de_DE","og_type":"article","og_title":"Termine - Gro\u00df Heins","og_description":"Osterfeuer Gro\u00df Heins 04.04.2026, Z\u00fcndung gegen 19:30 Gemeindefeuerwehrtag 13.06.2026 M\u00fcllabfuhr Termine f\u00fcr Gro\u00df Heins 2026 Altpapiersammlung durch die Feuerwehr Heins Termine 2026 Haushalte der Ortschaften Gro\u00df Heins, Klein Heins, Goldborn, Siedlerweg Bendingbostel Das Sammelgut jeweils bis 9:00 am Stra\u00dfenrand bereitstellen. Abholung zwischen 9:00 und 16:00Uhr. Samstag, 14.03.2026 Samstag, 09.05.2026 Samstag, 11.07.2026 Samstag, 12.09.2026 Samstag, 14.11.2026","og_url":"https:\/\/grossheins.de\/?page_id=25","og_site_name":"Gro\u00df Heins","article_modified_time":"2026-03-26T10:02:15+00:00","og_image":[{"width":1024,"height":768,"url":"https:\/\/grossheins.de\/wp-content\/uploads\/2026\/03\/feuer-edited.png","type":"image\/png"}],"twitter_card":"summary_large_image","twitter_misc":{"Gesch\u00e4tzte Lesezeit":"1\u00a0Minute"},"schema":{"@context":"https:\/\/schema.org","@graph":[{"@type":"WebPage","@id":"https:\/\/grossheins.de\/?page_id=25","url":"https:\/\/grossheins.de\/?page_id=25","name":"Termine - Gro\u00df Heins","isPartOf":{"@id":"https:\/\/grossheins.de\/#website"},"primaryImageOfPage":{"@id":"https:\/\/grossheins.de\/?page_id=25#primaryimage"},"image":{"@id":"https:\/\/grossheins.de\/?page_id=25#primaryimage"},"thumbnailUrl":"https:\/\/grossheins.de\/wp-content\/uploads\/2026\/03\/feuer-edited.png","datePublished":"2022-04-06T03:51:19+00:00","dateModified":"2026-03-26T10:02:15+00:00","breadcrumb":{"@id":"https:\/\/grossheins.de\/?page_id=25#breadcrumb"},"inLanguage":"de","potentialAction":[{"@type":"ReadAction","target":["https:\/\/grossheins.de\/?page_id=25"]}]},{"@type":"ImageObject","inLanguage":"de","@id":"https:\/\/grossheins.de\/?page_id=25#primaryimage","url":"https:\/\/grossheins.de\/wp-content\/uploads\/2026\/03\/feuer-edited.png","contentUrl":"https:\/\/grossheins.de\/wp-content\/uploads\/2026\/03\/feuer-edited.png","width":1024,"height":768},{"@type":"BreadcrumbList","@id":"https:\/\/grossheins.de\/?page_id=25#breadcrumb","itemListElement":[{"@type":"ListItem","position":1,"name":"Startseite","item":"https:\/\/grossheins.de\/"},{"@type":"ListItem","position":2,"name":"Termine"}]},{"@type":"WebSite","@id":"https:\/\/grossheins.de\/#website","url":"https:\/\/grossheins.de\/","name":"Gro\u00df Heins","description":"","publisher":{"@id":"https:\/\/grossheins.de\/#organization"},"potentialAction":[{"@type":"SearchAction","target":{"@type":"EntryPoint","urlTemplate":"https:\/\/grossheins.de\/?s={search_term_string}"},"query-input":{"@type":"PropertyValueSpecification","valueRequired":true,"valueName":"search_term_string"}}],"inLanguage":"de"},{"@type":"Organization","@id":"https:\/\/grossheins.de\/#organization","name":"Gro\u00df Heins","url":"https:\/\/grossheins.de\/","logo":{"@type":"ImageObject","inLanguage":"de","@id":"https:\/\/grossheins.de\/#\/schema\/logo\/image\/","url":"https:\/\/grossheins.de\/wp-content\/uploads\/2025\/02\/cropped-grossheins-logo-2.png","contentUrl":"https:\/\/grossheins.de\/wp-content\/uploads\/2025\/02\/cropped-grossheins-logo-2.png","width":1350,"height":826,"caption":"Gro\u00df Heins"},"image":{"@id":"https:\/\/grossheins.de\/#\/schema\/logo\/image\/"}}]}},"_links":{"self":[{"href":"https:\/\/grossheins.de\/index.php?rest_route=\/wp\/v2\/pages\/25","targetHints":{"allow":["GET"]}}],"collection":[{"href":"https:\/\/grossheins.de\/index.php?rest_route=\/wp\/v2\/pages"}],"about":[{"href":"https:\/\/grossheins.de\/index.php?rest_route=\/wp\/v2\/types\/page"}],"author":[{"embeddable":true,"href":"https:\/\/grossheins.de\/index.php?rest_route=\/wp\/v2\/users\/1"}],"replies":[{"embeddable":true,"href":"https:\/\/grossheins.de\/index.php?rest_route=%2Fwp%2Fv2%2Fcomments&post=25"}],"version-history":[{"count":23,"href":"https:\/\/grossheins.de\/index.php?rest_route=\/wp\/v2\/pages\/25\/revisions"}],"predecessor-version":[{"id":864,"href":"https:\/\/grossheins.de\/index.php?rest_route=\/wp\/v2\/pages\/25\/revisions\/864"}],"wp:attachment":[{"href":"https:\/\/grossheins.de\/index.php?rest_route=%2Fwp%2Fv2%2Fmedia&parent=25"}],"curies":[{"name":"wp","href":"https:\/\/api.w.org\/{rel}","templated":true}]}}