{"id":14,"date":"2022-04-06T03:50:07","date_gmt":"2022-04-06T03:50:07","guid":{"rendered":"https:\/\/grossheins.de\/?page_id=14"},"modified":"2024-01-05T20:29:07","modified_gmt":"2024-01-05T20:29:07","slug":"mythen","status":"publish","type":"page","link":"https:\/\/grossheins.de\/?page_id=14","title":{"rendered":"Mythen, Sagen und Erz\u00e4hlungen"},"content":{"rendered":"\n<h2 class=\"wp-block-heading\">Riesen von Heins<\/h2>\n\n\n\n<div class=\"wp-block-stackable-image stk-block-image stk-block stk-c66df74\" data-block-id=\"c66df74\"><figure><span class=\"stk-img-wrapper stk-image--shape-stretch\"><img loading=\"lazy\" decoding=\"async\" class=\"stk-img wp-image-760\" src=\"https:\/\/grossheins.de\/wp-content\/uploads\/2024\/01\/sheep.png\" width=\"1024\" height=\"1024\" srcset=\"https:\/\/grossheins.de\/wp-content\/uploads\/2024\/01\/sheep.png 1024w, https:\/\/grossheins.de\/wp-content\/uploads\/2024\/01\/sheep-300x300.png 300w, https:\/\/grossheins.de\/wp-content\/uploads\/2024\/01\/sheep-150x150.png 150w, https:\/\/grossheins.de\/wp-content\/uploads\/2024\/01\/sheep-768x768.png 768w\" sizes=\"auto, (max-width: 1024px) 100vw, 1024px\" \/><\/span><\/figure><\/div>\n\n\n\n<p>Es gab einmal einen Riesen, der stahl heimlich bei einem anderen Riesen einige Bienenst\u00f6cke und machte sich damit aus dem Staub. Der bestohlene Riese merkte dieses, schimpfte f\u00fcrchterlich und drohte, das werde ich dir heimzahlen. Nur einige Tage zuvor war er im s\u00fcdlichen Teil von Niedersachsen, weil es dort ein felsiges Gebirge, den Harz, gibt. Dort hatte er sich viele Felsst\u00fccke abgeschlagen, mit denen er seine Hofstelle einz\u00e4unen wollte, weil das in Niedersachsen so \u00fcblich ist. Diese Brocken nutzte er nun als Wurfgeschosse, um den Dieb zu treffen.<\/p>\n\n\n\n<p>Doch dieser nahm die Steine und warf sie zur\u00fcck. Tagelang, so wurde erz\u00e4hlt, wurden Steine nun hin- und hergeworfen. Nach einer Weile sanken beide erm\u00fcdet nieder, kam keiner mehr auf die Idee, diese Steine wieder wegzur\u00e4umen. Als Menschen danach in dieser Gegend siedelten, fanden sie diese Steinbrocken und in einer Anwandlung von Verniedlichung nannten sie solch einen steinernen Brocken \u201eFindling\u201c.<\/p>\n\n\n\n<h2 class=\"wp-block-heading\">Der Riese von Gro\u00df Heins<\/h2>\n\n\n\n<div class=\"wp-block-stackable-image stk-block-image stk-block stk-6c669fa\" data-block-id=\"6c669fa\"><figure><span class=\"stk-img-wrapper stk-image--shape-stretch\"><img loading=\"lazy\" decoding=\"async\" class=\"stk-img wp-image-757\" src=\"https:\/\/grossheins.de\/wp-content\/uploads\/2024\/01\/janewhat_one_big_giant_throwing_big_rock_at_church_in_the_style_c9ed2c74-a359-4a49-8071-6ab3f04e9d13.png\" width=\"1024\" height=\"1024\" srcset=\"https:\/\/grossheins.de\/wp-content\/uploads\/2024\/01\/janewhat_one_big_giant_throwing_big_rock_at_church_in_the_style_c9ed2c74-a359-4a49-8071-6ab3f04e9d13.png 1024w, https:\/\/grossheins.de\/wp-content\/uploads\/2024\/01\/janewhat_one_big_giant_throwing_big_rock_at_church_in_the_style_c9ed2c74-a359-4a49-8071-6ab3f04e9d13-300x300.png 300w, https:\/\/grossheins.de\/wp-content\/uploads\/2024\/01\/janewhat_one_big_giant_throwing_big_rock_at_church_in_the_style_c9ed2c74-a359-4a49-8071-6ab3f04e9d13-150x150.png 150w, https:\/\/grossheins.de\/wp-content\/uploads\/2024\/01\/janewhat_one_big_giant_throwing_big_rock_at_church_in_the_style_c9ed2c74-a359-4a49-8071-6ab3f04e9d13-768x768.png 768w\" sizes=\"auto, (max-width: 1024px) 100vw, 1024px\" \/><\/span><\/figure><\/div>\n\n\n\n<p>Die Erz\u00e4hlung stammt aus der Zeit, als die Bewohner der \u00d6rtchen gegen\u00fcber dem Verdener Bischof abgabepflichtig waren. Erz\u00e4hlt wird, dass in Gro\u00df Heins vor vielen Jahren einmal ein Riese lebte, der eine gro\u00dfe Schafherde hielt. Die Schafe gaben Milch, mit der er seine Familie ern\u00e4hrte und Wolle, aus der sich sie Kleidung machten.<\/p>\n\n\n\n<p>Eines Tages, als der Riese wieder seine Schafe melken wollte, gab keine Milch, weil sie zuvor von jemand anderem gemolken wurden. Der Riese forschte, wer ihm die Milch gestohlen hatte, und kam zu dem Ergebnis, dass dieses der Bischof von Verden veranlasst hatte. Dar\u00fcber war der Riese nat\u00fcrlich sehr ver\u00e4rgert und rief voller Zorn: \u201eWarte nur Bischof, das werde ich dir heimzahlen!\u201c<\/p>\n\n\n\n<p>Es war an einem Sonntag, die Glocken des Verdener Doms, das zum Gottesdienst riefen, waren eben verklungen, da nahm der Riese einen gro\u00dfen Stein und schleuderte ihn in Richtung Verden, um dort den Dom zu treffen. Der sollte einst\u00fcrzen und den Bischof unter seinen Tr\u00fcmmern begraben. Der Stein war jedoch zu gro\u00df und der Schwung reichte nicht aus, um in Verden den Dom zu treffen. So landete der Stein im Lindhooper Waldst\u00fcck zwischen Verden und Kirchlinteln (nun westlich der Autobahn).<\/p>\n\n\n\n<p>Als in sp\u00e4teren Jahren Ortsnamen festgelegt wurden, bekamen jedes der umliegenden D\u00f6rfer einen Zugang zu diesem riesigen Stein. So entstand ein eigenwilliger Grenzschnitt, der es sonst nirgendwo gibt, wie hier an einer Stelle mit den f\u00fcnf Orten Kirchlinteln, Weitzm\u00fchlen, Eitze, Borstel und Scharnhorst.<\/p>\n\n\n\n<p>Der Stein soll so gro\u00df gewesen sein, dass ein Sch\u00e4fer mit seiner Schafherde darauf Platz hatte. Diese sollen sich allabendlich die Sch\u00e4fer der einzelnen Ortschaften getroffen haben, um Nachrichten auszutauschen, denn Unterst\u00e4nde gab es nicht. Irgendwann kam die Zeit, da gab es keine Sch\u00e4fer mehr, und der Stein verlor als \u201eTreffpunkt\u201c seine Bedeutung. Ein Weitzm\u00fchlener Einwohner be-richtet, beim Bau neuer Hofstellen wurde nach Fundament-steinen gesucht. Den gro\u00dfen, nun bedeutungslosen, Findling hatte man daher zerschlagen und verbaut. In irgendwelchen alten Weitzm\u00fchlener Geb\u00e4uden k\u00f6nnten noch Bruchst\u00fccke von diesem Stein liegen.<\/p>\n","protected":false},"excerpt":{"rendered":"<p>Riesen von Heins Es gab einmal einen Riesen, der stahl heimlich bei einem anderen Riesen einige Bienenst\u00f6cke und machte sich damit aus dem Staub. Der bestohlene Riese merkte dieses, schimpfte f\u00fcrchterlich und drohte, das werde ich dir heimzahlen. Nur einige Tage zuvor war er im s\u00fcdlichen Teil von Niedersachsen, weil es dort ein felsiges Gebirge,&hellip; <a class=\"more-link\" href=\"https:\/\/grossheins.de\/?page_id=14\"><span class=\"screen-reader-text\">Mythen, Sagen und Erz\u00e4hlungen<\/span> weiterlesen<\/a><\/p>\n","protected":false},"author":1,"featured_media":0,"parent":0,"menu_order":0,"comment_status":"closed","ping_status":"closed","template":"","meta":{"footnotes":""},"class_list":["post-14","page","type-page","status-publish","hentry","entry"],"yoast_head":"<!-- This site is optimized with the Yoast SEO plugin v27.2 - https:\/\/yoast.com\/product\/yoast-seo-wordpress\/ -->\n<title>Mythen, Sagen und Erz\u00e4hlungen - Gro\u00df Heins<\/title>\n<meta name=\"robots\" content=\"index, follow, max-snippet:-1, max-image-preview:large, max-video-preview:-1\" \/>\n<link rel=\"canonical\" href=\"https:\/\/grossheins.de\/?page_id=14\" \/>\n<meta property=\"og:locale\" content=\"de_DE\" \/>\n<meta property=\"og:type\" content=\"article\" \/>\n<meta property=\"og:title\" content=\"Mythen, Sagen und Erz\u00e4hlungen - Gro\u00df Heins\" \/>\n<meta property=\"og:description\" content=\"Riesen von Heins Es gab einmal einen Riesen, der stahl heimlich bei einem anderen Riesen einige Bienenst\u00f6cke und machte sich damit aus dem Staub. Der bestohlene Riese merkte dieses, schimpfte f\u00fcrchterlich und drohte, das werde ich dir heimzahlen. Nur einige Tage zuvor war er im s\u00fcdlichen Teil von Niedersachsen, weil es dort ein felsiges Gebirge,&hellip; Mythen, Sagen und Erz\u00e4hlungen weiterlesen\" \/>\n<meta property=\"og:url\" content=\"https:\/\/grossheins.de\/?page_id=14\" \/>\n<meta property=\"og:site_name\" content=\"Gro\u00df Heins\" \/>\n<meta property=\"article:modified_time\" content=\"2024-01-05T20:29:07+00:00\" \/>\n<meta property=\"og:image\" content=\"https:\/\/grossheins.de\/wp-content\/uploads\/2024\/01\/sheep.png\" \/>\n<meta name=\"twitter:card\" content=\"summary_large_image\" \/>\n<meta name=\"twitter:label1\" content=\"Gesch\u00e4tzte Lesezeit\" \/>\n\t<meta name=\"twitter:data1\" content=\"4\u00a0Minuten\" \/>\n<script type=\"application\/ld+json\" class=\"yoast-schema-graph\">{\"@context\":\"https:\/\/schema.org\",\"@graph\":[{\"@type\":\"WebPage\",\"@id\":\"https:\/\/grossheins.de\/?page_id=14\",\"url\":\"https:\/\/grossheins.de\/?page_id=14\",\"name\":\"Mythen, Sagen und Erz\u00e4hlungen - Gro\u00df Heins\",\"isPartOf\":{\"@id\":\"https:\/\/grossheins.de\/#website\"},\"primaryImageOfPage\":{\"@id\":\"https:\/\/grossheins.de\/?page_id=14#primaryimage\"},\"image\":{\"@id\":\"https:\/\/grossheins.de\/?page_id=14#primaryimage\"},\"thumbnailUrl\":\"https:\/\/grossheins.de\/wp-content\/uploads\/2024\/01\/sheep.png\",\"datePublished\":\"2022-04-06T03:50:07+00:00\",\"dateModified\":\"2024-01-05T20:29:07+00:00\",\"breadcrumb\":{\"@id\":\"https:\/\/grossheins.de\/?page_id=14#breadcrumb\"},\"inLanguage\":\"de\",\"potentialAction\":[{\"@type\":\"ReadAction\",\"target\":[\"https:\/\/grossheins.de\/?page_id=14\"]}]},{\"@type\":\"ImageObject\",\"inLanguage\":\"de\",\"@id\":\"https:\/\/grossheins.de\/?page_id=14#primaryimage\",\"url\":\"https:\/\/grossheins.de\/wp-content\/uploads\/2024\/01\/sheep.png\",\"contentUrl\":\"https:\/\/grossheins.de\/wp-content\/uploads\/2024\/01\/sheep.png\",\"width\":1024,\"height\":1024},{\"@type\":\"BreadcrumbList\",\"@id\":\"https:\/\/grossheins.de\/?page_id=14#breadcrumb\",\"itemListElement\":[{\"@type\":\"ListItem\",\"position\":1,\"name\":\"Startseite\",\"item\":\"https:\/\/grossheins.de\/\"},{\"@type\":\"ListItem\",\"position\":2,\"name\":\"Mythen, Sagen und Erz\u00e4hlungen\"}]},{\"@type\":\"WebSite\",\"@id\":\"https:\/\/grossheins.de\/#website\",\"url\":\"https:\/\/grossheins.de\/\",\"name\":\"Gro\u00df Heins\",\"description\":\"\",\"publisher\":{\"@id\":\"https:\/\/grossheins.de\/#organization\"},\"potentialAction\":[{\"@type\":\"SearchAction\",\"target\":{\"@type\":\"EntryPoint\",\"urlTemplate\":\"https:\/\/grossheins.de\/?s={search_term_string}\"},\"query-input\":{\"@type\":\"PropertyValueSpecification\",\"valueRequired\":true,\"valueName\":\"search_term_string\"}}],\"inLanguage\":\"de\"},{\"@type\":\"Organization\",\"@id\":\"https:\/\/grossheins.de\/#organization\",\"name\":\"Gro\u00df Heins\",\"url\":\"https:\/\/grossheins.de\/\",\"logo\":{\"@type\":\"ImageObject\",\"inLanguage\":\"de\",\"@id\":\"https:\/\/grossheins.de\/#\/schema\/logo\/image\/\",\"url\":\"https:\/\/grossheins.de\/wp-content\/uploads\/2025\/02\/cropped-grossheins-logo-2.png\",\"contentUrl\":\"https:\/\/grossheins.de\/wp-content\/uploads\/2025\/02\/cropped-grossheins-logo-2.png\",\"width\":1350,\"height\":826,\"caption\":\"Gro\u00df Heins\"},\"image\":{\"@id\":\"https:\/\/grossheins.de\/#\/schema\/logo\/image\/\"}}]}<\/script>\n<!-- \/ Yoast SEO plugin. -->","yoast_head_json":{"title":"Mythen, Sagen und Erz\u00e4hlungen - Gro\u00df Heins","robots":{"index":"index","follow":"follow","max-snippet":"max-snippet:-1","max-image-preview":"max-image-preview:large","max-video-preview":"max-video-preview:-1"},"canonical":"https:\/\/grossheins.de\/?page_id=14","og_locale":"de_DE","og_type":"article","og_title":"Mythen, Sagen und Erz\u00e4hlungen - Gro\u00df Heins","og_description":"Riesen von Heins Es gab einmal einen Riesen, der stahl heimlich bei einem anderen Riesen einige Bienenst\u00f6cke und machte sich damit aus dem Staub. Der bestohlene Riese merkte dieses, schimpfte f\u00fcrchterlich und drohte, das werde ich dir heimzahlen. Nur einige Tage zuvor war er im s\u00fcdlichen Teil von Niedersachsen, weil es dort ein felsiges Gebirge,&hellip; Mythen, Sagen und Erz\u00e4hlungen weiterlesen","og_url":"https:\/\/grossheins.de\/?page_id=14","og_site_name":"Gro\u00df Heins","article_modified_time":"2024-01-05T20:29:07+00:00","og_image":[{"url":"https:\/\/grossheins.de\/wp-content\/uploads\/2024\/01\/sheep.png","type":"","width":"","height":""}],"twitter_card":"summary_large_image","twitter_misc":{"Gesch\u00e4tzte Lesezeit":"4\u00a0Minuten"},"schema":{"@context":"https:\/\/schema.org","@graph":[{"@type":"WebPage","@id":"https:\/\/grossheins.de\/?page_id=14","url":"https:\/\/grossheins.de\/?page_id=14","name":"Mythen, Sagen und Erz\u00e4hlungen - Gro\u00df Heins","isPartOf":{"@id":"https:\/\/grossheins.de\/#website"},"primaryImageOfPage":{"@id":"https:\/\/grossheins.de\/?page_id=14#primaryimage"},"image":{"@id":"https:\/\/grossheins.de\/?page_id=14#primaryimage"},"thumbnailUrl":"https:\/\/grossheins.de\/wp-content\/uploads\/2024\/01\/sheep.png","datePublished":"2022-04-06T03:50:07+00:00","dateModified":"2024-01-05T20:29:07+00:00","breadcrumb":{"@id":"https:\/\/grossheins.de\/?page_id=14#breadcrumb"},"inLanguage":"de","potentialAction":[{"@type":"ReadAction","target":["https:\/\/grossheins.de\/?page_id=14"]}]},{"@type":"ImageObject","inLanguage":"de","@id":"https:\/\/grossheins.de\/?page_id=14#primaryimage","url":"https:\/\/grossheins.de\/wp-content\/uploads\/2024\/01\/sheep.png","contentUrl":"https:\/\/grossheins.de\/wp-content\/uploads\/2024\/01\/sheep.png","width":1024,"height":1024},{"@type":"BreadcrumbList","@id":"https:\/\/grossheins.de\/?page_id=14#breadcrumb","itemListElement":[{"@type":"ListItem","position":1,"name":"Startseite","item":"https:\/\/grossheins.de\/"},{"@type":"ListItem","position":2,"name":"Mythen, Sagen und Erz\u00e4hlungen"}]},{"@type":"WebSite","@id":"https:\/\/grossheins.de\/#website","url":"https:\/\/grossheins.de\/","name":"Gro\u00df Heins","description":"","publisher":{"@id":"https:\/\/grossheins.de\/#organization"},"potentialAction":[{"@type":"SearchAction","target":{"@type":"EntryPoint","urlTemplate":"https:\/\/grossheins.de\/?s={search_term_string}"},"query-input":{"@type":"PropertyValueSpecification","valueRequired":true,"valueName":"search_term_string"}}],"inLanguage":"de"},{"@type":"Organization","@id":"https:\/\/grossheins.de\/#organization","name":"Gro\u00df Heins","url":"https:\/\/grossheins.de\/","logo":{"@type":"ImageObject","inLanguage":"de","@id":"https:\/\/grossheins.de\/#\/schema\/logo\/image\/","url":"https:\/\/grossheins.de\/wp-content\/uploads\/2025\/02\/cropped-grossheins-logo-2.png","contentUrl":"https:\/\/grossheins.de\/wp-content\/uploads\/2025\/02\/cropped-grossheins-logo-2.png","width":1350,"height":826,"caption":"Gro\u00df Heins"},"image":{"@id":"https:\/\/grossheins.de\/#\/schema\/logo\/image\/"}}]}},"_links":{"self":[{"href":"https:\/\/grossheins.de\/index.php?rest_route=\/wp\/v2\/pages\/14","targetHints":{"allow":["GET"]}}],"collection":[{"href":"https:\/\/grossheins.de\/index.php?rest_route=\/wp\/v2\/pages"}],"about":[{"href":"https:\/\/grossheins.de\/index.php?rest_route=\/wp\/v2\/types\/page"}],"author":[{"embeddable":true,"href":"https:\/\/grossheins.de\/index.php?rest_route=\/wp\/v2\/users\/1"}],"replies":[{"embeddable":true,"href":"https:\/\/grossheins.de\/index.php?rest_route=%2Fwp%2Fv2%2Fcomments&post=14"}],"version-history":[{"count":7,"href":"https:\/\/grossheins.de\/index.php?rest_route=\/wp\/v2\/pages\/14\/revisions"}],"predecessor-version":[{"id":764,"href":"https:\/\/grossheins.de\/index.php?rest_route=\/wp\/v2\/pages\/14\/revisions\/764"}],"wp:attachment":[{"href":"https:\/\/grossheins.de\/index.php?rest_route=%2Fwp%2Fv2%2Fmedia&parent=14"}],"curies":[{"name":"wp","href":"https:\/\/api.w.org\/{rel}","templated":true}]}}